{"id":5,"date":"2022-03-18T14:21:36","date_gmt":"2022-03-18T17:21:36","guid":{"rendered":"https:\/\/www.projetohumanos.com.br\/wiki\/altamira\/?page_id=5"},"modified":"2022-04-07T01:32:29","modified_gmt":"2022-04-07T04:32:29","slug":"pagina-inicial","status":"publish","type":"page","link":"http:\/\/www.projetohumanos.com.br\/wiki\/altamira\/","title":{"rendered":"P\u00e1gina inicial"},"content":{"rendered":"\n<p>\u201cAltamira\u201d \u00e9 a quinta temporada do podcast Projeto Humanos. Esta hist\u00f3ria possui v\u00e1rios personagens e, por conta disso, pode ser um pouco dif\u00edcil de entender. Foi pensando nisso que montamos essa Enciclop\u00e9dia.<\/p>\n\n\n\n<p>Se voc\u00ea quiser ter acesso a materiais extras e resumos dos epis\u00f3dios, clique em <a href=\"http:\/\/www.projetohumanos.com.br\/wiki\/altamira\/navegar\/category\/extras\/\" target=\"_blank\" rel=\"noreferrer noopener\">MATERIAIS EXTRAS E RESUMOS<\/a>.\u00a0<\/p>\n\n\n\n<p>Em alguns desses resumos de epis\u00f3dios inclu\u00edmos mapas de Altamira.<\/p>\n\n\n\n<p>Se voc\u00ea quiser saber mais sobre algum personagem, v\u00e1 para a se\u00e7\u00e3o de <a href=\"http:\/\/www.projetohumanos.com.br\/wiki\/altamira\/navegar\/category\/personagens\/\" target=\"_blank\" rel=\"noreferrer noopener\">PERSONAGENS<\/a>.<\/p>\n\n\n\n<p>Voc\u00ea tamb\u00e9m pode navegar nos Sub-temas ao lado para entender melhor o agrupamento de algumas pessoas.<\/p>\n","protected":false},"excerpt":{"rendered":"<p>\u201cAltamira\u201d \u00e9 a quinta temporada do podcast Projeto Humanos. Esta hist\u00f3ria possui v\u00e1rios personagens e, por conta disso, pode ser um pouco dif\u00edcil de entender. Foi pensando nisso que montamos essa Enciclop\u00e9dia. Se voc\u00ea quiser ter acesso a materiais extras e resumos dos epis\u00f3dios, clique em MATERIAIS EXTRAS E RESUMOS.\u00a0 Em alguns desses resumos de [&hellip;]<\/p>\n","protected":false},"author":1,"featured_media":17,"parent":0,"menu_order":0,"comment_status":"closed","ping_status":"closed","template":"","meta":[],"_links":{"self":[{"href":"http:\/\/www.projetohumanos.com.br\/wiki\/altamira\/wp-json\/wp\/v2\/pages\/5"}],"collection":[{"href":"http:\/\/www.projetohumanos.com.br\/wiki\/altamira\/wp-json\/wp\/v2\/pages"}],"about":[{"href":"http:\/\/www.projetohumanos.com.br\/wiki\/altamira\/wp-json\/wp\/v2\/types\/page"}],"author":[{"embeddable":true,"href":"http:\/\/www.projetohumanos.com.br\/wiki\/altamira\/wp-json\/wp\/v2\/users\/1"}],"replies":[{"embeddable":true,"href":"http:\/\/www.projetohumanos.com.br\/wiki\/altamira\/wp-json\/wp\/v2\/comments?post=5"}],"version-history":[{"count":6,"href":"http:\/\/www.projetohumanos.com.br\/wiki\/altamira\/wp-json\/wp\/v2\/pages\/5\/revisions"}],"predecessor-version":[{"id":70,"href":"http:\/\/www.projetohumanos.com.br\/wiki\/altamira\/wp-json\/wp\/v2\/pages\/5\/revisions\/70"}],"wp:featuredmedia":[{"embeddable":true,"href":"http:\/\/www.projetohumanos.com.br\/wiki\/altamira\/wp-json\/wp\/v2\/media\/17"}],"wp:attachment":[{"href":"http:\/\/www.projetohumanos.com.br\/wiki\/altamira\/wp-json\/wp\/v2\/media?parent=5"}],"curies":[{"name":"wp","href":"https:\/\/api.w.org\/{rel}","templated":true}]}}